{"id":359,"date":"2025-08-20T03:19:31","date_gmt":"2025-08-20T03:19:31","guid":{"rendered":"https:\/\/annyalves.com.br\/checkout\/?post_type=product&#038;p=359"},"modified":"2025-08-20T03:32:48","modified_gmt":"2025-08-20T03:32:48","slug":"1-ano-16off-anny-alves","status":"publish","type":"product","link":"https:\/\/annyalves.com.br\/checkout\/produto\/1-ano-16off-anny-alves\/","title":{"rendered":"1 ANO (16%off) &#8211; Anny Alves"},"content":{"rendered":"<p>Sou uma grandona safada que adora foder com for\u00e7a e apanhar! Sempre quero gozar de um jeitinho diferente; sem r\u00f3tulos e sem frescura! Aqui todo dia \u00e9 dia de gozar gostoso do jeito que a gente quiser, combinado? \ud83d\udca6 tenho mais de 900 midias livres aqui dentro pra voc\u00ea gozar bastante! (v\u00eddeos de sexo anal, masturba\u00e7\u00e3o bem de pertinho, sexo c\/ homens, amiguinhas e casais bem safados, sexo a 3, a 4, boquete molhadinho, siririca com brinquedos de todos os tamanhos, dan\u00e7as peladinha mostrando meu bronze, gozando, esguicho, brinquedinhos, historinhas de trai\u00e7\u00e3o, banhos \u00edntimos e acompanhada, banheira e piscina, academia, rebolando ) Vem gozar gostoso pra mim? Aceito videos nas nossas conversas aqui dentro ta? A procura de um Parceiro pra viver tudo isso comigo! \ud83d\ude08\ud83d\udca6<\/p>\n","protected":false},"excerpt":{"rendered":"<p>Sou uma grandona safada que adora foder com for\u00e7a e apanhar! Sempre quero gozar de um jeitinho diferente; sem r\u00f3tulos e sem frescura! Aqui todo dia \u00e9 dia de gozar gostoso do jeito que a gente quiser, combinado? \ud83d\udca6 tenho mais de 900 midias livres aqui dentro pra voc\u00ea gozar bastante! (v\u00eddeos de sexo anal, [&hellip;]<\/p>\n","protected":false},"featured_media":353,"comment_status":"open","ping_status":"closed","template":"","meta":[],"product_brand":[],"product_cat":[17],"product_tag":[],"class_list":{"0":"post-359","1":"product","2":"type-product","3":"status-publish","4":"has-post-thumbnail","6":"product_cat-sem-categoria","8":"first","9":"instock","10":"downloadable","11":"virtual","12":"purchasable","13":"product-type-simple"},"_links":{"self":[{"href":"https:\/\/annyalves.com.br\/checkout\/wp-json\/wp\/v2\/product\/359","targetHints":{"allow":["GET"]}}],"collection":[{"href":"https:\/\/annyalves.com.br\/checkout\/wp-json\/wp\/v2\/product"}],"about":[{"href":"https:\/\/annyalves.com.br\/checkout\/wp-json\/wp\/v2\/types\/product"}],"replies":[{"embeddable":true,"href":"https:\/\/annyalves.com.br\/checkout\/wp-json\/wp\/v2\/comments?post=359"}],"wp:featuredmedia":[{"embeddable":true,"href":"https:\/\/annyalves.com.br\/checkout\/wp-json\/wp\/v2\/media\/353"}],"wp:attachment":[{"href":"https:\/\/annyalves.com.br\/checkout\/wp-json\/wp\/v2\/media?parent=359"}],"wp:term":[{"taxonomy":"product_brand","embeddable":true,"href":"https:\/\/annyalves.com.br\/checkout\/wp-json\/wp\/v2\/product_brand?post=359"},{"taxonomy":"product_cat","embeddable":true,"href":"https:\/\/annyalves.com.br\/checkout\/wp-json\/wp\/v2\/product_cat?post=359"},{"taxonomy":"product_tag","embeddable":true,"href":"https:\/\/annyalves.com.br\/checkout\/wp-json\/wp\/v2\/product_tag?post=359"}],"curies":[{"name":"wp","href":"https:\/\/api.w.org\/{rel}","templated":true}]}}